{"id":3927,"date":"2023-07-11T12:27:04","date_gmt":"2023-07-11T12:27:04","guid":{"rendered":"https:\/\/lucrezia.qodeinteractive.com\/?page_id=3927"},"modified":"2025-08-04T22:14:57","modified_gmt":"2025-08-04T22:14:57","slug":"avaliacao","status":"publish","type":"page","link":"https:\/\/hoffice.pt\/index.php\/avaliacao\/","title":{"rendered":"_avalia\u00e7\u00e3o"},"content":{"rendered":"\t\t<div data-elementor-type=\"wp-page\" data-elementor-id=\"3927\" class=\"elementor elementor-3927\">\n\t\t\t\t<div class=\"elementor-element elementor-element-c06c281 e-con-full e-flex e-con e-parent\" data-id=\"c06c281\" data-element_type=\"container\" data-e-type=\"container\" data-settings=\"{&quot;background_background&quot;:&quot;classic&quot;}\">\n\t\t<div class=\"elementor-element elementor-element-d53349a e-con-full e-flex e-con e-child\" data-id=\"d53349a\" data-element_type=\"container\" data-e-type=\"container\">\n\t\t\t\t<div class=\"elementor-element elementor-element-0dbf683 elementor-widget__width-initial elementor-widget-tablet__width-inherit elementor-widget elementor-widget-lucrezia_core_service_link\" data-id=\"0dbf683\" data-element_type=\"widget\" data-e-type=\"widget\" data-widget_type=\"lucrezia_core_service_link.default\">\n\t\t\t\t<div class=\"elementor-widget-container\">\n\t\t\t\t\t<div class=\"qodef-shortcode qodef-m qodef-service-link\">\n\t\t\t\t\t\t<div class=\"qodef-e-service-link-item\">\n\t\t\t\t<div class=\"qodef-e-service-link-items\">\n\t\t\t\t\t<a itemprop=\"url\" class=\"qodef-e-service-link-title-image\" href=\"#processo\" target=\"_self\">\n\t\t\t\t\t\t\t<h2 class=\"qodef-e-service-link-title\" style=\"font-style: normal\">\n\t\tprocesso\t<\/h2>\n\n\t\t\t\t\t\t\n\t\t\t\t\t<\/a>\n\t\t\t\t\t\n\t\t\t\t\t\t<div class=\"qodef-e-read-more\">\n\t\t<a class=\"qodef-shortcode qodef-m qodef-button qodef-layout--textual qodef-html--link\" href=\"#processo\" target=\"_self\"  >\t<span class=\"qodef-m-text\">view project<\/span><\/a>\t<\/div>\n\t\t\t\t<\/div>\n\t\t\t<\/div>\n\t\t\t\t\t<div class=\"qodef-e-service-link-item\">\n\t\t\t\t<div class=\"qodef-e-service-link-items\">\n\t\t\t\t\t<a itemprop=\"url\" class=\"qodef-e-service-link-title-image\" href=\"#avaliacoes\" target=\"_self\">\n\t\t\t\t\t\t\t<h2 class=\"qodef-e-service-link-title\" style=\"font-style: normal\">\n\t\tavalia\u00e7\u00f5es\t<\/h2>\n\n\t\t\t\t\t\t\n\t\t\t\t\t<\/a>\n\t\t\t\t\t\n\t\t\t\t\t\t<div class=\"qodef-e-read-more\">\n\t\t<a class=\"qodef-shortcode qodef-m qodef-button qodef-layout--textual qodef-html--link\" href=\"#avaliacoes\" target=\"_self\"  >\t<span class=\"qodef-m-text\">view project<\/span><\/a>\t<\/div>\n\t\t\t\t<\/div>\n\t\t\t<\/div>\n\t\t\t\t\t<div class=\"qodef-e-service-link-item\">\n\t\t\t\t<div class=\"qodef-e-service-link-items\">\n\t\t\t\t\t<a itemprop=\"url\" class=\"qodef-e-service-link-title-image\" href=\"#metodologia\" target=\"_self\">\n\t\t\t\t\t\t\t<h2 class=\"qodef-e-service-link-title\" style=\"font-style: normal\">\n\t\tmetodologia\t<\/h2>\n\n\t\t\t\t\t\t\n\t\t\t\t\t<\/a>\n\t\t\t\t\t\n\t\t\t\t\t\t<div class=\"qodef-e-read-more\">\n\t\t<a class=\"qodef-shortcode qodef-m qodef-button qodef-layout--textual qodef-html--link\" href=\"#metodologia\" target=\"_self\"  >\t<span class=\"qodef-m-text\">view project<\/span><\/a>\t<\/div>\n\t\t\t\t<\/div>\n\t\t\t<\/div>\n\t\t\t\t\t<div class=\"qodef-e-service-link-item\">\n\t\t\t\t<div class=\"qodef-e-service-link-items\">\n\t\t\t\t\t<a itemprop=\"url\" class=\"qodef-e-service-link-title-image\" href=\"#honorarios\" target=\"_self\">\n\t\t\t\t\t\t\t<h2 class=\"qodef-e-service-link-title\" style=\"font-style: normal\">\n\t\thonor\u00e1rios\t<\/h2>\n\n\t\t\t\t\t\t\n\t\t\t\t\t<\/a>\n\t\t\t\t\t\n\t\t\t\t\t\t<div class=\"qodef-e-read-more\">\n\t\t<a class=\"qodef-shortcode qodef-m qodef-button qodef-layout--textual qodef-html--link\" href=\"#honorarios\" target=\"_self\"  >\t<span class=\"qodef-m-text\">view project<\/span><\/a>\t<\/div>\n\t\t\t\t<\/div>\n\t\t\t<\/div>\n\t\t\t<\/div>\n\t\t\t\t<\/div>\n\t\t\t\t<\/div>\n\t\t\t\t<\/div>\n\t\t\t\t<\/div>\n\t\t<div class=\"elementor-element elementor-element-e310fa5 e-con-full e-flex e-con e-parent\" data-id=\"e310fa5\" data-element_type=\"container\" data-e-type=\"container\" data-settings=\"{&quot;background_background&quot;:&quot;classic&quot;}\">\n\t\t<div class=\"elementor-element elementor-element-e93e3a0 e-con-full e-flex e-con e-child\" data-id=\"e93e3a0\" data-element_type=\"container\" data-e-type=\"container\">\n\t\t<div class=\"elementor-element elementor-element-90e5cf3 e-con-full e-flex e-con e-child\" data-id=\"90e5cf3\" data-element_type=\"container\" data-e-type=\"container\">\n\t\t\t\t<div class=\"elementor-element elementor-element-b423e59 elementor-widget elementor-widget-text-editor\" data-id=\"b423e59\" data-element_type=\"widget\" data-e-type=\"widget\" data-widget_type=\"text-editor.default\">\n\t\t\t\t\t\t\t\t\t<h4 class=\"p1\">A avalia\u00e7\u00e3o da propriedade imobili\u00e1ria visa determinar o seu valor para que, entre outros fins, permita a partilha dos bens de uma heran\u00e7a, a compra ou venda de im\u00f3veis, o financiamento hipotec\u00e1rio na compra ou constru\u00e7\u00e3o de um im\u00f3vel, o estudo econ\u00f3mico e financeiro de um projecto de investimento, o c\u00e1lculo de indemniza\u00e7\u00e3o por expropria\u00e7\u00e3o, a determina\u00e7\u00e3o do valor para efeitos fiscais, etc.<\/h4>\t\t\t\t\t\t\t\t<\/div>\n\t\t\t\t<div class=\"elementor-element elementor-element-17de5a6 elementor-widget elementor-widget-menu-anchor\" data-id=\"17de5a6\" data-element_type=\"widget\" data-e-type=\"widget\" data-widget_type=\"menu-anchor.default\">\n\t\t\t\t\t\t\t<div class=\"elementor-menu-anchor\" id=\"processo\"><\/div>\n\t\t\t\t\t\t<\/div>\n\t\t\t\t<\/div>\n\t\t\t\t<\/div>\n\t\t<div class=\"elementor-element elementor-element-ac032a1 e-con-full e-flex e-con e-child\" data-id=\"ac032a1\" data-element_type=\"container\" data-e-type=\"container\">\n\t\t<div class=\"elementor-element elementor-element-00db817 e-con-full e-flex e-con e-child\" data-id=\"00db817\" data-element_type=\"container\" data-e-type=\"container\">\n\t\t\t\t<div class=\"elementor-element elementor-element-e7c7e49 elementor-widget elementor-widget-text-editor\" data-id=\"e7c7e49\" data-element_type=\"widget\" data-e-type=\"widget\" data-widget_type=\"text-editor.default\">\n\t\t\t\t\t\t\t\t\t<h6>processo<\/h6>\t\t\t\t\t\t\t\t<\/div>\n\t\t\t\t<div class=\"elementor-element elementor-element-d0444a6 elementor-widget elementor-widget-text-editor\" data-id=\"d0444a6\" data-element_type=\"widget\" data-e-type=\"widget\" data-widget_type=\"text-editor.default\">\n\t\t\t\t\t\t\t\t\t<h4 class=\"p1\">O processo de avalia\u00e7\u00e3o de um bem im\u00f3vel \u00e9 realizado com base em crit\u00e9rios e procedimentos adequados \u00e0 propriedade em an\u00e1lise, contemplando as seguintes fases:<\/h4><h5 class=\"p1\">\u2014 Contacto do cliente<\/h5><h5 class=\"p1\">\u2014 Visita ao local do im\u00f3vel<\/h5><h5 class=\"p1\">\u2014 Recolha de informa\u00e7\u00e3o<\/h5><h5 class=\"p1\">\u2014 Valida\u00e7\u00e3o da informa\u00e7\u00e3o<\/h5><h5 class=\"p1\">\u2014 Aplica\u00e7\u00e3o de metodologia de avalia\u00e7\u00e3o<\/h5><h5 class=\"p1\">\u2014 Elabora\u00e7\u00e3o de relat\u00f3rio de avalia\u00e7\u00e3o<\/h5><h6 class=\"p1\">O relat\u00f3rio de avalia\u00e7\u00e3o \u00e9 o documento onde se encontram explicitadas as caracter\u00edsticas do im\u00f3vel apreciado, a metodologia utilizada e o seu valor de avalia\u00e7\u00e3o.<\/h6>\t\t\t\t\t\t\t\t<\/div>\n\t\t\t\t<div class=\"elementor-element elementor-element-6a163ab elementor-widget elementor-widget-menu-anchor\" data-id=\"6a163ab\" data-element_type=\"widget\" data-e-type=\"widget\" data-widget_type=\"menu-anchor.default\">\n\t\t\t\t\t\t\t<div class=\"elementor-menu-anchor\" id=\"avaliacoes\"><\/div>\n\t\t\t\t\t\t<\/div>\n\t\t\t\t<\/div>\n\t\t\t\t<\/div>\n\t\t<div class=\"elementor-element elementor-element-e47400b e-con-full e-flex e-con e-child\" data-id=\"e47400b\" data-element_type=\"container\" data-e-type=\"container\">\n\t\t<div class=\"elementor-element elementor-element-9c89dc2 e-con-full e-flex e-con e-child\" data-id=\"9c89dc2\" data-element_type=\"container\" data-e-type=\"container\">\n\t\t\t\t<div class=\"elementor-element elementor-element-ebce672 elementor-widget elementor-widget-text-editor\" data-id=\"ebce672\" data-element_type=\"widget\" data-e-type=\"widget\" data-widget_type=\"text-editor.default\">\n\t\t\t\t\t\t\t\t\t<h6>avalia\u00e7\u00f5es<\/h6>\t\t\t\t\t\t\t\t<\/div>\n\t\t\t\t<div class=\"elementor-element elementor-element-7e4dcc1 elementor-widget elementor-widget-text-editor\" data-id=\"7e4dcc1\" data-element_type=\"widget\" data-e-type=\"widget\" data-widget_type=\"text-editor.default\">\n\t\t\t\t\t\t\t\t\t<h3 class=\"p1\">Seguindo os m\u00e9todos de avalia\u00e7\u00e3o mais adequados a cada situa\u00e7\u00e3o, avaliamos:<\/h3><h5 class=\"p1\">\u2014 Terrenos<\/h5><h5 class=\"p1\">\u2014 Im\u00f3veis residenciais<\/h5><h5 class=\"p1\">\u2014 Espa\u00e7os comerciais<\/h5><h5 class=\"p1\">\u2014 Valor de partilhas<\/h5><h5 class=\"p1\">\u2014 Valor de heran\u00e7as e divis\u00e3o de bens<\/h5><h6 class=\"p1\">Mediante consulta, efectuamos an\u00e1lises de investimento e estudos provisionais para patrim\u00f3nio imobili\u00e1rio, assim como desenvolvemos e implementamos projectos de gest\u00e3o e explora\u00e7\u00e3o de im\u00f3veis.<\/h6>\t\t\t\t\t\t\t\t<\/div>\n\t\t\t\t<div class=\"elementor-element elementor-element-54f4298 elementor-widget elementor-widget-menu-anchor\" data-id=\"54f4298\" data-element_type=\"widget\" data-e-type=\"widget\" data-widget_type=\"menu-anchor.default\">\n\t\t\t\t\t\t\t<div class=\"elementor-menu-anchor\" id=\"metodologia\"><\/div>\n\t\t\t\t\t\t<\/div>\n\t\t\t\t<\/div>\n\t\t\t\t<\/div>\n\t\t<div class=\"elementor-element elementor-element-89f1874 e-con-full e-flex e-con e-child\" data-id=\"89f1874\" data-element_type=\"container\" data-e-type=\"container\">\n\t\t<div class=\"elementor-element elementor-element-fcd0564 e-con-full e-flex e-con e-child\" data-id=\"fcd0564\" data-element_type=\"container\" data-e-type=\"container\">\n\t\t\t\t<div class=\"elementor-element elementor-element-47556a6 elementor-widget elementor-widget-text-editor\" data-id=\"47556a6\" data-element_type=\"widget\" data-e-type=\"widget\" data-widget_type=\"text-editor.default\">\n\t\t\t\t\t\t\t\t\t<h6>metodologia<\/h6>\t\t\t\t\t\t\t\t<\/div>\n\t\t\t\t<div class=\"elementor-element elementor-element-9784665 elementor-widget elementor-widget-text-editor\" data-id=\"9784665\" data-element_type=\"widget\" data-e-type=\"widget\" data-widget_type=\"text-editor.default\">\n\t\t\t\t\t\t\t\t\t<h3 class=\"p1\">No processo de avalia\u00e7\u00e3o, consoante o im\u00f3vel em apre\u00e7o e a finalidade de avalia\u00e7\u00e3o, s\u00e3o utilizados diferentes m\u00e9todos de avalia\u00e7\u00e3o, entre os quais:<\/h3><h5 class=\"p1\">\u2014 M\u00e9todo comparativo<\/h5><h6 class=\"p1\">Consiste na avalia\u00e7\u00e3o do im\u00f3vel por compara\u00e7\u00e3o, ou seja, em fun\u00e7\u00e3o de transac\u00e7\u00f5es e\/ou propostas efectivas de aquisi\u00e7\u00e3o relativamente a im\u00f3veis com id\u00eanticas caracter\u00edsticas f\u00edsicas e funcionais, cuja localiza\u00e7\u00e3o se insira numa mesma \u00e1rea do mercado imobili\u00e1rio.<br \/>A utiliza\u00e7\u00e3o deste m\u00e9todo requer a exist\u00eancia duma amostra representativa e cred\u00edvel em termos de transac\u00e7\u00f5es e\/ou propostas efectivas de aquisi\u00e7\u00e3o que n\u00e3o se apresentem desfasadas relativamente ao momento de avalia\u00e7\u00e3o.<\/h6><h5 class=\"p1\">\u2014 M\u00e9todo de actualiza\u00e7\u00e3o das rendas futuras<\/h5><h6 class=\"p1\">Consiste na determina\u00e7\u00e3o do valor do im\u00f3vel atrav\u00e9s do somat\u00f3rio dos cash-flows efectiva ou previsivelmente libertados e do seu valor residual no final do per\u00edodo de investimento previsto ou da sua vida \u00fatil, actualizados a uma taxa de mercado para aplica\u00e7\u00f5es com perfil de risco semelhante.<\/h6><h5 class=\"p1\">\u2014 M\u00e9todo dos m\u00faltiplos do rendimento<\/h5><h6 class=\"p1\">Consiste na determina\u00e7\u00e3o do valor do im\u00f3vel mediante o quociente entre a renda anual efectiva ou previsivelmente libertada, l\u00edquida de encargos de conserva\u00e7\u00e3o e manuten\u00e7\u00e3o, e uma taxa de remunera\u00e7\u00e3o adequada \u00e0s suas caracter\u00edsticas e ao n\u00edvel de risco do investimento, face \u00e0s condi\u00e7\u00f5es gerais do mercado imobili\u00e1rio no momento da avalia\u00e7\u00e3o.<\/h6><h5 class=\"p1\">\u2014 M\u00e9todo de substitui\u00e7\u00e3o<\/h5><h6 class=\"p1\">Consiste na determina\u00e7\u00e3o do valor do im\u00f3vel atrav\u00e9s da soma entre o valor de mercado do terreno e de todos os custos necess\u00e1rios para a constru\u00e7\u00e3o de um im\u00f3vel com as mesmas caracter\u00edsticas f\u00edsicas e funcionais. Na determina\u00e7\u00e3o do valor final do im\u00f3vel, devem ser consideradas, designadamente, a deprecia\u00e7\u00e3o em fun\u00e7\u00e3o da sua antiguidade, estado de conserva\u00e7\u00e3o e estimativa de vida \u00fatil, bem como as margens de lucro requeridas.<\/h6>\t\t\t\t\t\t\t\t<\/div>\n\t\t\t\t<div class=\"elementor-element elementor-element-8b93b2b elementor-widget elementor-widget-menu-anchor\" data-id=\"8b93b2b\" data-element_type=\"widget\" data-e-type=\"widget\" data-widget_type=\"menu-anchor.default\">\n\t\t\t\t\t\t\t<div class=\"elementor-menu-anchor\" id=\"honorarios\"><\/div>\n\t\t\t\t\t\t<\/div>\n\t\t\t\t<\/div>\n\t\t\t\t<\/div>\n\t\t<div class=\"elementor-element elementor-element-10f10c1 e-con-full e-flex e-con e-child\" data-id=\"10f10c1\" data-element_type=\"container\" data-e-type=\"container\">\n\t\t<div class=\"elementor-element elementor-element-9afe140 e-con-full e-flex e-con e-child\" data-id=\"9afe140\" data-element_type=\"container\" data-e-type=\"container\">\n\t\t\t\t<div class=\"elementor-element elementor-element-c8dae08 elementor-widget elementor-widget-text-editor\" data-id=\"c8dae08\" data-element_type=\"widget\" data-e-type=\"widget\" data-widget_type=\"text-editor.default\">\n\t\t\t\t\t\t\t\t\t<h6>honor\u00e1rios<\/h6>\t\t\t\t\t\t\t\t<\/div>\n\t\t\t\t<div class=\"elementor-element elementor-element-03fdf2a elementor-widget elementor-widget-text-editor\" data-id=\"03fdf2a\" data-element_type=\"widget\" data-e-type=\"widget\" data-widget_type=\"text-editor.default\">\n\t\t\t\t\t\t\t\t\t<h3 class=\"p1\">As avalia\u00e7\u00f5es de base imobili\u00e1ria s\u00e3o cobradas de acordo com a seguinte tabela:<\/h3>\t\t\t\t\t\t\t\t<\/div>\n\t\t<div class=\"elementor-element elementor-element-cd99b60 e-con-full e-flex e-con e-child\" data-id=\"cd99b60\" data-element_type=\"container\" data-e-type=\"container\">\n\t\t\t\t<div class=\"elementor-element elementor-element-d0cf503 elementor-widget__width-inherit elementor-widget elementor-widget-text-editor\" data-id=\"d0cf503\" data-element_type=\"widget\" data-e-type=\"widget\" data-widget_type=\"text-editor.default\">\n\t\t\t\t\t\t\t\t\t<h6 class=\"p1\">Valor do Im\u00f3vel \u20ac<\/h6>\t\t\t\t\t\t\t\t<\/div>\n\t\t\t\t<div class=\"elementor-element elementor-element-b1ce5b5 elementor-widget__width-inherit elementor-widget elementor-widget-text-editor\" data-id=\"b1ce5b5\" data-element_type=\"widget\" data-e-type=\"widget\" data-widget_type=\"text-editor.default\">\n\t\t\t\t\t\t\t\t\t<h6 class=\"p1\">Honor\u00e1rios\u00a0\u00a0\u20ac<\/h6>\t\t\t\t\t\t\t\t<\/div>\n\t\t\t\t<\/div>\n\t\t<div class=\"elementor-element elementor-element-13b102e e-con-full e-flex e-con e-child\" data-id=\"13b102e\" data-element_type=\"container\" data-e-type=\"container\">\n\t\t\t\t<div class=\"elementor-element elementor-element-454d43c elementor-widget__width-inherit elementor-widget elementor-widget-text-editor\" data-id=\"454d43c\" data-element_type=\"widget\" data-e-type=\"widget\" data-widget_type=\"text-editor.default\">\n\t\t\t\t\t\t\t\t\t<p class=\"p1\">de 0 a 250.000<\/p>\t\t\t\t\t\t\t\t<\/div>\n\t\t\t\t<div class=\"elementor-element elementor-element-f623a14 elementor-widget__width-inherit elementor-widget elementor-widget-text-editor\" data-id=\"f623a14\" data-element_type=\"widget\" data-e-type=\"widget\" data-widget_type=\"text-editor.default\">\n\t\t\t\t\t\t\t\t\t<p class=\"p1\">500<\/p>\t\t\t\t\t\t\t\t<\/div>\n\t\t\t\t<\/div>\n\t\t<div class=\"elementor-element elementor-element-a27f4e2 e-con-full e-flex e-con e-child\" data-id=\"a27f4e2\" data-element_type=\"container\" data-e-type=\"container\">\n\t\t\t\t<div class=\"elementor-element elementor-element-b9958bd elementor-widget__width-inherit elementor-widget elementor-widget-text-editor\" data-id=\"b9958bd\" data-element_type=\"widget\" data-e-type=\"widget\" data-widget_type=\"text-editor.default\">\n\t\t\t\t\t\t\t\t\t<p class=\"p1\">de 250.000 a 500.000<\/p>\t\t\t\t\t\t\t\t<\/div>\n\t\t\t\t<div class=\"elementor-element elementor-element-2de44a6 elementor-widget__width-inherit elementor-widget elementor-widget-text-editor\" data-id=\"2de44a6\" data-element_type=\"widget\" data-e-type=\"widget\" data-widget_type=\"text-editor.default\">\n\t\t\t\t\t\t\t\t\t<p class=\"p1\">500 + 0.0006*[V-250.000]<\/p>\t\t\t\t\t\t\t\t<\/div>\n\t\t\t\t<\/div>\n\t\t<div class=\"elementor-element elementor-element-0eefaf3 e-con-full e-flex e-con e-child\" data-id=\"0eefaf3\" data-element_type=\"container\" data-e-type=\"container\">\n\t\t\t\t<div class=\"elementor-element elementor-element-2c20501 elementor-widget__width-inherit elementor-widget elementor-widget-text-editor\" data-id=\"2c20501\" data-element_type=\"widget\" data-e-type=\"widget\" data-widget_type=\"text-editor.default\">\n\t\t\t\t\t\t\t\t\t<p class=\"p1\">de 500.000 a 1.000.000<\/p>\t\t\t\t\t\t\t\t<\/div>\n\t\t\t\t<div class=\"elementor-element elementor-element-ca7a35d elementor-widget__width-inherit elementor-widget elementor-widget-text-editor\" data-id=\"ca7a35d\" data-element_type=\"widget\" data-e-type=\"widget\" data-widget_type=\"text-editor.default\">\n\t\t\t\t\t\t\t\t\t<p class=\"p1\">700 + 0.0004*[V-500.000]<\/p>\t\t\t\t\t\t\t\t<\/div>\n\t\t\t\t<\/div>\n\t\t<div class=\"elementor-element elementor-element-6ddf5b1 e-con-full e-flex e-con e-child\" data-id=\"6ddf5b1\" data-element_type=\"container\" data-e-type=\"container\">\n\t\t\t\t<div class=\"elementor-element elementor-element-30df4c1 elementor-widget__width-inherit elementor-widget elementor-widget-text-editor\" data-id=\"30df4c1\" data-element_type=\"widget\" data-e-type=\"widget\" data-widget_type=\"text-editor.default\">\n\t\t\t\t\t\t\t\t\t<p class=\"p1\">de 1.000.000\u00a0a\u00a02.500.000<\/p>\t\t\t\t\t\t\t\t<\/div>\n\t\t\t\t<div class=\"elementor-element elementor-element-0430227 elementor-widget__width-inherit elementor-widget elementor-widget-text-editor\" data-id=\"0430227\" data-element_type=\"widget\" data-e-type=\"widget\" data-widget_type=\"text-editor.default\">\n\t\t\t\t\t\t\t\t\t<p class=\"p1\">900 + 0.0002*[V-1.000.000]<\/p>\t\t\t\t\t\t\t\t<\/div>\n\t\t\t\t<\/div>\n\t\t<div class=\"elementor-element elementor-element-a511d72 e-con-full e-flex e-con e-child\" data-id=\"a511d72\" data-element_type=\"container\" data-e-type=\"container\">\n\t\t\t\t<div class=\"elementor-element elementor-element-d4b38ae elementor-widget__width-inherit elementor-widget elementor-widget-text-editor\" data-id=\"d4b38ae\" data-element_type=\"widget\" data-e-type=\"widget\" data-widget_type=\"text-editor.default\">\n\t\t\t\t\t\t\t\t\t<p class=\"p1\">de 2.500.000 a 5.000.000<\/p>\t\t\t\t\t\t\t\t<\/div>\n\t\t\t\t<div class=\"elementor-element elementor-element-cbcad37 elementor-widget__width-inherit elementor-widget elementor-widget-text-editor\" data-id=\"cbcad37\" data-element_type=\"widget\" data-e-type=\"widget\" data-widget_type=\"text-editor.default\">\n\t\t\t\t\t\t\t\t\t<p class=\"p1\">1200 + 0.0001*[V-2.500.000]<\/p>\t\t\t\t\t\t\t\t<\/div>\n\t\t\t\t<\/div>\n\t\t<div class=\"elementor-element elementor-element-bd73114 e-con-full e-flex e-con e-child\" data-id=\"bd73114\" data-element_type=\"container\" data-e-type=\"container\">\n\t\t\t\t<div class=\"elementor-element elementor-element-292dbab elementor-widget__width-inherit elementor-widget elementor-widget-text-editor\" data-id=\"292dbab\" data-element_type=\"widget\" data-e-type=\"widget\" data-widget_type=\"text-editor.default\">\n\t\t\t\t\t\t\t\t\t<p class=\"p1\">Mais de 5.000.000<\/p>\t\t\t\t\t\t\t\t<\/div>\n\t\t\t\t<div class=\"elementor-element elementor-element-44a425a elementor-widget__width-inherit elementor-widget elementor-widget-text-editor\" data-id=\"44a425a\" data-element_type=\"widget\" data-e-type=\"widget\" data-widget_type=\"text-editor.default\">\n\t\t\t\t\t\t\t\t\t<p class=\"p1\">1500<\/p>\t\t\t\t\t\t\t\t<\/div>\n\t\t\t\t<\/div>\n\t\t\t\t<div class=\"elementor-element elementor-element-77c5583 elementor-widget elementor-widget-text-editor\" data-id=\"77c5583\" data-element_type=\"widget\" data-e-type=\"widget\" data-widget_type=\"text-editor.default\">\n\t\t\t\t\t\t\t\t\t<p class=\"p1\">\nRepeti\u00e7\u00f5es: 40% at\u00e9 \u00e1 3\u00aa e 25% nas restantes.<\/p>\n\n<p class=\"p1\">\nNota: Aos pre\u00e7os apresentados acresce o IVA \u00e0 taxa legal em vigor.\u00a0Os valores apresentados n\u00e3o s\u00f3 vinculativos podendo ser alterados sem aviso pr\u00e9vio.\u00a0As avalia\u00e7\u00f5es de caracter\u00edsticas particulares, n\u00e3o enquadradas nos casos previstos acima, ser\u00e3o pagas mediante consulta pr\u00e9via.<\/p>\n\n\t\t\t\t\t\t\t\t<\/div>\n\t\t\t\t<\/div>\n\t\t\t\t<\/div>\n\t\t\t\t<\/div>\n\t\t\t\t<\/div>\n\t\t","protected":false},"excerpt":{"rendered":"<p>processo view project avalia\u00e7\u00f5es view project metodologia view project honor\u00e1rios view project A avalia\u00e7\u00e3o da propriedade imobili\u00e1ria visa determinar o seu valor para que, entre outros fins, permita a partilha dos bens de uma heran\u00e7a, a compra ou venda de im\u00f3veis, o financiamento hipotec\u00e1rio na compra ou constru\u00e7\u00e3o de um im\u00f3vel, o estudo econ\u00f3mico e [&hellip;]<\/p>\n","protected":false},"author":1,"featured_media":0,"parent":0,"menu_order":0,"comment_status":"closed","ping_status":"closed","template":"page-full-width.php","meta":{"footnotes":""},"class_list":["post-3927","page","type-page","status-publish","hentry"],"_links":{"self":[{"href":"https:\/\/hoffice.pt\/index.php\/wp-json\/wp\/v2\/pages\/3927","targetHints":{"allow":["GET"]}}],"collection":[{"href":"https:\/\/hoffice.pt\/index.php\/wp-json\/wp\/v2\/pages"}],"about":[{"href":"https:\/\/hoffice.pt\/index.php\/wp-json\/wp\/v2\/types\/page"}],"author":[{"embeddable":true,"href":"https:\/\/hoffice.pt\/index.php\/wp-json\/wp\/v2\/users\/1"}],"replies":[{"embeddable":true,"href":"https:\/\/hoffice.pt\/index.php\/wp-json\/wp\/v2\/comments?post=3927"}],"version-history":[{"count":133,"href":"https:\/\/hoffice.pt\/index.php\/wp-json\/wp\/v2\/pages\/3927\/revisions"}],"predecessor-version":[{"id":9493,"href":"https:\/\/hoffice.pt\/index.php\/wp-json\/wp\/v2\/pages\/3927\/revisions\/9493"}],"wp:attachment":[{"href":"https:\/\/hoffice.pt\/index.php\/wp-json\/wp\/v2\/media?parent=3927"}],"curies":[{"name":"wp","href":"https:\/\/api.w.org\/{rel}","templated":true}]}}