{"id":3596,"date":"2023-07-11T07:54:06","date_gmt":"2023-07-11T07:54:06","guid":{"rendered":"https:\/\/lucrezia.qodeinteractive.com\/?page_id=3596"},"modified":"2025-08-07T11:20:26","modified_gmt":"2025-08-07T11:20:26","slug":"sobre","status":"publish","type":"page","link":"https:\/\/hoffice.pt\/","title":{"rendered":"_sobre"},"content":{"rendered":"\t\t<div data-elementor-type=\"wp-page\" data-elementor-id=\"3596\" class=\"elementor elementor-3596\">\n\t\t\t\t<div class=\"elementor-element elementor-element-a766b04 e-con-full e-flex e-con e-parent\" data-id=\"a766b04\" data-element_type=\"container\" data-e-type=\"container\">\n\t\t<div class=\"elementor-element elementor-element-7902836 e-con-full e-flex e-con e-child\" data-id=\"7902836\" data-element_type=\"container\" data-e-type=\"container\">\n\t\t\t\t<div class=\"elementor-element elementor-element-848312c elementor-widget elementor-widget-image\" data-id=\"848312c\" data-element_type=\"widget\" data-e-type=\"widget\" data-widget_type=\"image.default\">\n\t\t\t\t\t\t\t\t\t\t\t\t\t\t\t<img fetchpriority=\"high\" decoding=\"async\" width=\"1024\" height=\"357\" src=\"https:\/\/hoffice.pt\/wp-content\/uploads\/2025\/07\/logo_header-1024x357.png\" class=\"attachment-large size-large wp-image-9388\" alt=\"hoffice\" srcset=\"https:\/\/hoffice.pt\/wp-content\/uploads\/2025\/07\/logo_header-1024x357.png 1024w, https:\/\/hoffice.pt\/wp-content\/uploads\/2025\/07\/logo_header-300x105.png 300w, https:\/\/hoffice.pt\/wp-content\/uploads\/2025\/07\/logo_header-768x268.png 768w, https:\/\/hoffice.pt\/wp-content\/uploads\/2025\/07\/logo_header-600x209.png 600w, https:\/\/hoffice.pt\/wp-content\/uploads\/2025\/07\/logo_header.png 1322w\" sizes=\"(max-width: 1024px) 100vw, 1024px\" \/>\t\t\t\t\t\t\t\t\t\t\t\t\t\t\t<\/div>\n\t\t\t\t<div class=\"elementor-element elementor-element-3103cfa elementor-widget elementor-widget-text-editor\" data-id=\"3103cfa\" data-element_type=\"widget\" data-e-type=\"widget\" data-widget_type=\"text-editor.default\">\n\t\t\t\t\t\t\t\t\t<h4 class=\"p1\">hoffice\u00a0\u00e9 uma marca que rotula diferentes \u00e1reas de interven\u00e7\u00e3o onde a arquitetura \u00e9 o denominador comum.\u00a0Consultoria e avalia\u00e7\u00e3o imobili\u00e1ria, constru\u00e7\u00e3o sustent\u00e1vel e energias limpas, s\u00e3o outras vertentes que definem o \u00e2mbito\u00a0hoffice.<br \/>Sou arquiteto, consultor, gestor e avaliador imobili\u00e1rio, projeto, avalio, construo, compro, vendo e administro im\u00f3veis.<\/h4>\t\t\t\t\t\t\t\t<\/div>\n\t\t\t\t<\/div>\n\t\t\t\t<\/div>\n\t\t<div class=\"elementor-element elementor-element-1cad8cd e-con-full e-flex e-con e-parent\" data-id=\"1cad8cd\" data-element_type=\"container\" data-e-type=\"container\">\n\t\t\t\t<div class=\"elementor-element elementor-element-20325a7 elementor-widget elementor-widget-text-editor\" data-id=\"20325a7\" data-element_type=\"widget\" data-e-type=\"widget\" data-widget_type=\"text-editor.default\">\n\t\t\t\t\t\t\t\t\t<h6>\u00e1reas de interven\u00e7\u00e3o<\/h6>\t\t\t\t\t\t\t\t<\/div>\n\t\t<div class=\"elementor-element elementor-element-1da0918 e-con-full e-flex e-con e-child\" data-id=\"1da0918\" data-element_type=\"container\" data-e-type=\"container\">\n\t\t\t\t<div class=\"elementor-element elementor-element-498b769 elementor-widget__width-initial elementor-widget-tablet__width-inherit elementor-widget elementor-widget-lucrezia_core_service_link\" data-id=\"498b769\" data-element_type=\"widget\" data-e-type=\"widget\" data-widget_type=\"lucrezia_core_service_link.default\">\n\t\t\t\t<div class=\"elementor-widget-container\">\n\t\t\t\t\t<div class=\"qodef-shortcode qodef-m qodef-service-link\">\n\t\t\t\t\t\t<div class=\"qodef-e-service-link-item\">\n\t\t\t\t<div class=\"qodef-e-service-link-items\">\n\t\t\t\t\t<a itemprop=\"url\" class=\"qodef-e-service-link-title-image\" href=\"\/index.php\/arquitetura\/\" target=\"_self\">\n\t\t\t\t\t\t\t<h1 class=\"qodef-e-service-link-title\" style=\"font-style: normal\">\n\t\tarquitetura\t<\/h1>\n\n\t\t\t\t\t\t\n\t\t\t\t\t<\/a>\n\t\t\t\t\t\n\t\t\t\t\t\t<div class=\"qodef-e-read-more\">\n\t\t<a class=\"qodef-shortcode qodef-m qodef-button qodef-layout--textual qodef-html--link\" href=\"\/index.php\/arquitetura\/\" target=\"_self\"  >\t<span class=\"qodef-m-text\">view project<\/span><\/a>\t<\/div>\n\t\t\t\t<\/div>\n\t\t\t<\/div>\n\t\t\t\t\t<div class=\"qodef-e-service-link-item\">\n\t\t\t\t<div class=\"qodef-e-service-link-items\">\n\t\t\t\t\t<a itemprop=\"url\" class=\"qodef-e-service-link-title-image\" href=\"\/index.php\/avaliacao\/\" target=\"_self\">\n\t\t\t\t\t\t\t<h1 class=\"qodef-e-service-link-title\" style=\"font-style: normal\">\n\t\tavalia\u00e7\u00e3o\t<\/h1>\n\n\t\t\t\t\t\t\n\t\t\t\t\t<\/a>\n\t\t\t\t\t\n\t\t\t\t\t\t<div class=\"qodef-e-read-more\">\n\t\t<a class=\"qodef-shortcode qodef-m qodef-button qodef-layout--textual qodef-html--link\" href=\"\/index.php\/avaliacao\/\" target=\"_self\"  >\t<span class=\"qodef-m-text\">view project<\/span><\/a>\t<\/div>\n\t\t\t\t<\/div>\n\t\t\t<\/div>\n\t\t\t\t\t<div class=\"qodef-e-service-link-item\">\n\t\t\t\t<div class=\"qodef-e-service-link-items\">\n\t\t\t\t\t<a itemprop=\"url\" class=\"qodef-e-service-link-title-image\" href=\"\/index.php\/imobiliario\" target=\"_self\">\n\t\t\t\t\t\t\t<h1 class=\"qodef-e-service-link-title\" style=\"font-style: normal\">\n\t\timobili\u00e1rio\t<\/h1>\n\n\t\t\t\t\t\t\n\t\t\t\t\t<\/a>\n\t\t\t\t\t\n\t\t\t\t\t\t<div class=\"qodef-e-read-more\">\n\t\t<a class=\"qodef-shortcode qodef-m qodef-button qodef-layout--textual qodef-html--link\" href=\"\/index.php\/imobiliario\" target=\"_self\"  >\t<span class=\"qodef-m-text\">view project<\/span><\/a>\t<\/div>\n\t\t\t\t<\/div>\n\t\t\t<\/div>\n\t\t\t<\/div>\n\t\t\t\t<\/div>\n\t\t\t\t<\/div>\n\t\t\t\t<\/div>\n\t\t\t\t<\/div>\n\t\t\t\t<\/div>\n\t\t","protected":false},"excerpt":{"rendered":"<p>hoffice\u00a0\u00e9 uma marca que rotula diferentes \u00e1reas de interven\u00e7\u00e3o onde a arquitetura \u00e9 o denominador comum.\u00a0Consultoria e avalia\u00e7\u00e3o imobili\u00e1ria, constru\u00e7\u00e3o sustent\u00e1vel e energias limpas, s\u00e3o outras vertentes que definem o \u00e2mbito\u00a0hoffice.Sou arquiteto, consultor, gestor e avaliador imobili\u00e1rio, projeto, avalio, construo, compro, vendo e administro im\u00f3veis. \u00e1reas de interven\u00e7\u00e3o arquitetura view project avalia\u00e7\u00e3o view project imobili\u00e1rio [&hellip;]<\/p>\n","protected":false},"author":1,"featured_media":7333,"parent":0,"menu_order":0,"comment_status":"closed","ping_status":"closed","template":"page-full-width.php","meta":{"footnotes":""},"class_list":["post-3596","page","type-page","status-publish","has-post-thumbnail","hentry"],"_links":{"self":[{"href":"https:\/\/hoffice.pt\/index.php\/wp-json\/wp\/v2\/pages\/3596","targetHints":{"allow":["GET"]}}],"collection":[{"href":"https:\/\/hoffice.pt\/index.php\/wp-json\/wp\/v2\/pages"}],"about":[{"href":"https:\/\/hoffice.pt\/index.php\/wp-json\/wp\/v2\/types\/page"}],"author":[{"embeddable":true,"href":"https:\/\/hoffice.pt\/index.php\/wp-json\/wp\/v2\/users\/1"}],"replies":[{"embeddable":true,"href":"https:\/\/hoffice.pt\/index.php\/wp-json\/wp\/v2\/comments?post=3596"}],"version-history":[{"count":79,"href":"https:\/\/hoffice.pt\/index.php\/wp-json\/wp\/v2\/pages\/3596\/revisions"}],"predecessor-version":[{"id":9539,"href":"https:\/\/hoffice.pt\/index.php\/wp-json\/wp\/v2\/pages\/3596\/revisions\/9539"}],"wp:featuredmedia":[{"embeddable":true,"href":"https:\/\/hoffice.pt\/index.php\/wp-json\/wp\/v2\/media\/7333"}],"wp:attachment":[{"href":"https:\/\/hoffice.pt\/index.php\/wp-json\/wp\/v2\/media?parent=3596"}],"curies":[{"name":"wp","href":"https:\/\/api.w.org\/{rel}","templated":true}]}}